{"id":2292,"date":"2017-11-16T01:47:33","date_gmt":"2017-11-16T01:47:33","guid":{"rendered":"https:\/\/www.kanaflex.es\/producto\/s-150-160-pu-tuyau-en-polyurethane-transparent\/"},"modified":"2018-10-02T08:54:44","modified_gmt":"2018-10-02T08:54:44","slug":"s-150-160-pu-tuyau-en-polyurethane-transparent","status":"publish","type":"product","link":"https:\/\/www.kanaflex.es\/fr\/productos\/s-150-160-pu-tuyau-en-polyurethane-transparent\/","title":{"rendered":"S-150\/160 PU &#8211; Tuyau en polyur\u00e9thane transparent"},"content":{"rendered":"","protected":false},"excerpt":{"rendered":"<p>Tuyau flexible en polyur\u00e9thane transparent renforc\u00e9 avec spirale rigide en PVC. Int\u00e9rieur lisse et ext\u00e9rieur corrugu\u00e9.<\/p>\n","protected":false},"featured_media":1665,"template":"","meta":[],"product_brand":[],"product_cat":[63],"product_tag":[],"class_list":{"0":"post-2292","1":"product","2":"type-product","3":"status-publish","4":"has-post-thumbnail","6":"product_cat-autres-tuyaux","7":"description-off","9":"first","10":"instock","11":"shipping-taxable","12":"product-type-simple"},"_links":{"self":[{"href":"https:\/\/www.kanaflex.es\/fr\/wp-json\/wp\/v2\/product\/2292","targetHints":{"allow":["GET"]}}],"collection":[{"href":"https:\/\/www.kanaflex.es\/fr\/wp-json\/wp\/v2\/product"}],"about":[{"href":"https:\/\/www.kanaflex.es\/fr\/wp-json\/wp\/v2\/types\/product"}],"wp:featuredmedia":[{"embeddable":true,"href":"https:\/\/www.kanaflex.es\/fr\/wp-json\/wp\/v2\/media\/1665"}],"wp:attachment":[{"href":"https:\/\/www.kanaflex.es\/fr\/wp-json\/wp\/v2\/media?parent=2292"}],"wp:term":[{"taxonomy":"product_brand","embeddable":true,"href":"https:\/\/www.kanaflex.es\/fr\/wp-json\/wp\/v2\/product_brand?post=2292"},{"taxonomy":"product_cat","embeddable":true,"href":"https:\/\/www.kanaflex.es\/fr\/wp-json\/wp\/v2\/product_cat?post=2292"},{"taxonomy":"product_tag","embeddable":true,"href":"https:\/\/www.kanaflex.es\/fr\/wp-json\/wp\/v2\/product_tag?post=2292"}],"curies":[{"name":"wp","href":"https:\/\/api.w.org\/{rel}","templated":true}]}}