{"id":2287,"date":"2017-10-09T13:48:56","date_gmt":"2017-10-09T13:48:56","guid":{"rendered":"https:\/\/www.kanaflex.es\/producto\/s-111-tuyau-en-pvc-pour-usage-industriel-alimentaire\/"},"modified":"2018-10-02T08:12:18","modified_gmt":"2018-10-02T08:12:18","slug":"s-111-tuyau-en-pvc-pour-usage-industriel-alimentaire","status":"publish","type":"product","link":"https:\/\/www.kanaflex.es\/fr\/productos\/s-111-tuyau-en-pvc-pour-usage-industriel-alimentaire\/","title":{"rendered":"S-111 &#8211; Tuyau en PVC pour usage industriel \/ alimentaire"},"content":{"rendered":"","protected":false},"excerpt":{"rendered":"<p>Tuyau flexible en PVC avec spirale rigide en PVC. Couleur jaune transparent avec spirale renforc\u00e9e et int\u00e9rieur lisse. Diam\u00e8tre de \u00a040 mm \u00e0 200 mm.<\/p>\n","protected":false},"featured_media":1308,"template":"","meta":[],"product_brand":[],"product_cat":[49,58,48],"product_tag":[],"class_list":{"0":"post-2287","1":"product","2":"type-product","3":"status-publish","4":"has-post-thumbnail","6":"product_cat-pvc-utilisation-alimentaire","7":"product_cat-pvc-utilisation-industriel","8":"product_cat-tuyaux-en-pvc","9":"description-off","11":"first","12":"instock","13":"shipping-taxable","14":"product-type-simple"},"_links":{"self":[{"href":"https:\/\/www.kanaflex.es\/fr\/wp-json\/wp\/v2\/product\/2287","targetHints":{"allow":["GET"]}}],"collection":[{"href":"https:\/\/www.kanaflex.es\/fr\/wp-json\/wp\/v2\/product"}],"about":[{"href":"https:\/\/www.kanaflex.es\/fr\/wp-json\/wp\/v2\/types\/product"}],"wp:featuredmedia":[{"embeddable":true,"href":"https:\/\/www.kanaflex.es\/fr\/wp-json\/wp\/v2\/media\/1308"}],"wp:attachment":[{"href":"https:\/\/www.kanaflex.es\/fr\/wp-json\/wp\/v2\/media?parent=2287"}],"wp:term":[{"taxonomy":"product_brand","embeddable":true,"href":"https:\/\/www.kanaflex.es\/fr\/wp-json\/wp\/v2\/product_brand?post=2287"},{"taxonomy":"product_cat","embeddable":true,"href":"https:\/\/www.kanaflex.es\/fr\/wp-json\/wp\/v2\/product_cat?post=2287"},{"taxonomy":"product_tag","embeddable":true,"href":"https:\/\/www.kanaflex.es\/fr\/wp-json\/wp\/v2\/product_tag?post=2287"}],"curies":[{"name":"wp","href":"https:\/\/api.w.org\/{rel}","templated":true}]}}