{"id":2286,"date":"2017-10-09T13:51:38","date_gmt":"2017-10-09T13:51:38","guid":{"rendered":"https:\/\/www.kanaflex.es\/producto\/s-112-tuyau-en-pvc-a-usage-industriel\/"},"modified":"2018-10-02T08:10:06","modified_gmt":"2018-10-02T08:10:06","slug":"s-112-tuyau-en-pvc-a-usage-industriel","status":"publish","type":"product","link":"https:\/\/www.kanaflex.es\/fr\/productos\/s-112-tuyau-en-pvc-a-usage-industriel\/","title":{"rendered":"S-112 &#8211; Tuyau en PVC \u00e0 usage industriel \/ alimentaire"},"content":{"rendered":"","protected":false},"excerpt":{"rendered":"<p>Tuyau flexible en PVC avec spirale rigide en PVC. Couleur jaune transparent avec spirale renforc\u00e9e et int\u00e9rieur lisse. Diam\u00e8tre de \u00a040 mm \u00e0 200 mm.<\/p>\n","protected":false},"featured_media":1312,"template":"","meta":[],"product_brand":[],"product_cat":[49,58,48],"product_tag":[],"class_list":{"0":"post-2286","1":"product","2":"type-product","3":"status-publish","4":"has-post-thumbnail","6":"product_cat-pvc-utilisation-alimentaire","7":"product_cat-pvc-utilisation-industriel","8":"product_cat-tuyaux-en-pvc","9":"description-off","11":"first","12":"instock","13":"shipping-taxable","14":"product-type-simple"},"_links":{"self":[{"href":"https:\/\/www.kanaflex.es\/fr\/wp-json\/wp\/v2\/product\/2286","targetHints":{"allow":["GET"]}}],"collection":[{"href":"https:\/\/www.kanaflex.es\/fr\/wp-json\/wp\/v2\/product"}],"about":[{"href":"https:\/\/www.kanaflex.es\/fr\/wp-json\/wp\/v2\/types\/product"}],"wp:featuredmedia":[{"embeddable":true,"href":"https:\/\/www.kanaflex.es\/fr\/wp-json\/wp\/v2\/media\/1312"}],"wp:attachment":[{"href":"https:\/\/www.kanaflex.es\/fr\/wp-json\/wp\/v2\/media?parent=2286"}],"wp:term":[{"taxonomy":"product_brand","embeddable":true,"href":"https:\/\/www.kanaflex.es\/fr\/wp-json\/wp\/v2\/product_brand?post=2286"},{"taxonomy":"product_cat","embeddable":true,"href":"https:\/\/www.kanaflex.es\/fr\/wp-json\/wp\/v2\/product_cat?post=2286"},{"taxonomy":"product_tag","embeddable":true,"href":"https:\/\/www.kanaflex.es\/fr\/wp-json\/wp\/v2\/product_tag?post=2286"}],"curies":[{"name":"wp","href":"https:\/\/api.w.org\/{rel}","templated":true}]}}