{"id":2284,"date":"2017-10-09T22:48:04","date_gmt":"2017-10-09T22:48:04","guid":{"rendered":"https:\/\/www.kanaflex.es\/producto\/s-115-super-tuyau-en-pvc-pour-usage-alimentaire\/"},"modified":"2018-10-02T08:06:30","modified_gmt":"2018-10-02T08:06:30","slug":"s-115-super-tuyau-en-pvc-pour-usage-alimentaire","status":"publish","type":"product","link":"https:\/\/www.kanaflex.es\/fr\/productos\/s-115-super-tuyau-en-pvc-pour-usage-alimentaire\/","title":{"rendered":"S-115 Super &#8211; Tuyau en PVC pour usage alimentaire"},"content":{"rendered":"","protected":false},"excerpt":{"rendered":"<p>Tuyau \u00a0PVC transparent renforc\u00e9 avec spirale PVC rigide. Couleur rouge et transparente. Int\u00e9rieur et ext\u00e9rieur lisse. Diam\u00e8tre\u00a0 de 40 mm \u00e0 200 mm.<\/p>\n","protected":false},"featured_media":1314,"template":"","meta":[],"product_brand":[],"product_cat":[49,48],"product_tag":[],"class_list":{"0":"post-2284","1":"product","2":"type-product","3":"status-publish","4":"has-post-thumbnail","6":"product_cat-pvc-utilisation-alimentaire","7":"product_cat-tuyaux-en-pvc","8":"description-off","10":"first","11":"instock","12":"shipping-taxable","13":"product-type-simple"},"_links":{"self":[{"href":"https:\/\/www.kanaflex.es\/fr\/wp-json\/wp\/v2\/product\/2284","targetHints":{"allow":["GET"]}}],"collection":[{"href":"https:\/\/www.kanaflex.es\/fr\/wp-json\/wp\/v2\/product"}],"about":[{"href":"https:\/\/www.kanaflex.es\/fr\/wp-json\/wp\/v2\/types\/product"}],"wp:featuredmedia":[{"embeddable":true,"href":"https:\/\/www.kanaflex.es\/fr\/wp-json\/wp\/v2\/media\/1314"}],"wp:attachment":[{"href":"https:\/\/www.kanaflex.es\/fr\/wp-json\/wp\/v2\/media?parent=2284"}],"wp:term":[{"taxonomy":"product_brand","embeddable":true,"href":"https:\/\/www.kanaflex.es\/fr\/wp-json\/wp\/v2\/product_brand?post=2284"},{"taxonomy":"product_cat","embeddable":true,"href":"https:\/\/www.kanaflex.es\/fr\/wp-json\/wp\/v2\/product_cat?post=2284"},{"taxonomy":"product_tag","embeddable":true,"href":"https:\/\/www.kanaflex.es\/fr\/wp-json\/wp\/v2\/product_tag?post=2284"}],"curies":[{"name":"wp","href":"https:\/\/api.w.org\/{rel}","templated":true}]}}