{"id":2282,"date":"2017-10-09T22:57:36","date_gmt":"2017-10-09T22:57:36","guid":{"rendered":"https:\/\/www.kanaflex.es\/producto\/s-118-tuyau-en-pvc-a-usage-industriel-huiles-industrielles-speciales\/"},"modified":"2018-10-02T08:00:33","modified_gmt":"2018-10-02T08:00:33","slug":"s-118-tuyau-en-pvc-a-usage-industriel-huiles-industrielles-speciales","status":"publish","type":"product","link":"https:\/\/www.kanaflex.es\/fr\/productos\/s-118-tuyau-en-pvc-a-usage-industriel-huiles-industrielles-speciales\/","title":{"rendered":"S-118 &#8211; Tuyau en PVC \u00e0 usage industriel: Huiles industrielles sp\u00e9ciales"},"content":{"rendered":"","protected":false},"excerpt":{"rendered":"<p>Tuyau flexible en PVC avec caoutchouc NBR (caoutchouc nitrile) et spirale rigide en PVC. Couleur bleue et semi-translucide. Int\u00e9rieur et ext\u00e9rieur lisse. Diam\u00e8tre de 20 \u00e0 200 mm.<\/p>\n","protected":false},"featured_media":1302,"template":"","meta":[],"product_brand":[],"product_cat":[58,48],"product_tag":[],"class_list":{"0":"post-2282","1":"product","2":"type-product","3":"status-publish","4":"has-post-thumbnail","6":"product_cat-pvc-utilisation-industriel","7":"product_cat-tuyaux-en-pvc","8":"description-off","10":"first","11":"instock","12":"shipping-taxable","13":"product-type-simple"},"_links":{"self":[{"href":"https:\/\/www.kanaflex.es\/fr\/wp-json\/wp\/v2\/product\/2282","targetHints":{"allow":["GET"]}}],"collection":[{"href":"https:\/\/www.kanaflex.es\/fr\/wp-json\/wp\/v2\/product"}],"about":[{"href":"https:\/\/www.kanaflex.es\/fr\/wp-json\/wp\/v2\/types\/product"}],"wp:featuredmedia":[{"embeddable":true,"href":"https:\/\/www.kanaflex.es\/fr\/wp-json\/wp\/v2\/media\/1302"}],"wp:attachment":[{"href":"https:\/\/www.kanaflex.es\/fr\/wp-json\/wp\/v2\/media?parent=2282"}],"wp:term":[{"taxonomy":"product_brand","embeddable":true,"href":"https:\/\/www.kanaflex.es\/fr\/wp-json\/wp\/v2\/product_brand?post=2282"},{"taxonomy":"product_cat","embeddable":true,"href":"https:\/\/www.kanaflex.es\/fr\/wp-json\/wp\/v2\/product_cat?post=2282"},{"taxonomy":"product_tag","embeddable":true,"href":"https:\/\/www.kanaflex.es\/fr\/wp-json\/wp\/v2\/product_tag?post=2282"}],"curies":[{"name":"wp","href":"https:\/\/api.w.org\/{rel}","templated":true}]}}