{"id":2281,"date":"2017-10-09T23:04:25","date_gmt":"2017-10-09T23:04:25","guid":{"rendered":"https:\/\/www.kanaflex.es\/producto\/s-119-tuyau-en-pvc-pour-usage-alimentaire-lait-special\/"},"modified":"2018-10-02T07:57:49","modified_gmt":"2018-10-02T07:57:49","slug":"s-119-tuyau-en-pvc-pour-usage-alimentaire-lait-special","status":"publish","type":"product","link":"https:\/\/www.kanaflex.es\/fr\/productos\/s-119-tuyau-en-pvc-pour-usage-alimentaire-lait-special\/","title":{"rendered":"S-119 &#8211; Tuyau en PVC pour usage alimentaire: lait sp\u00e9cial"},"content":{"rendered":"","protected":false},"excerpt":{"rendered":"<p>Tuyau en PVC flexible et transparent renforc\u00e9 avec spirale rigide en PVC blanc. Lisse int\u00e9rieur et ext\u00e9rieur. Tuyau ne contient pas de plomb. Diam\u00e8tre de 30mm. \u00e0 200 mm.<\/p>\n","protected":false},"featured_media":1398,"template":"","meta":[],"product_brand":[],"product_cat":[49,48],"product_tag":[],"class_list":{"0":"post-2281","1":"product","2":"type-product","3":"status-publish","4":"has-post-thumbnail","6":"product_cat-pvc-utilisation-alimentaire","7":"product_cat-tuyaux-en-pvc","8":"description-off","10":"first","11":"instock","12":"shipping-taxable","13":"product-type-simple"},"_links":{"self":[{"href":"https:\/\/www.kanaflex.es\/fr\/wp-json\/wp\/v2\/product\/2281","targetHints":{"allow":["GET"]}}],"collection":[{"href":"https:\/\/www.kanaflex.es\/fr\/wp-json\/wp\/v2\/product"}],"about":[{"href":"https:\/\/www.kanaflex.es\/fr\/wp-json\/wp\/v2\/types\/product"}],"wp:featuredmedia":[{"embeddable":true,"href":"https:\/\/www.kanaflex.es\/fr\/wp-json\/wp\/v2\/media\/1398"}],"wp:attachment":[{"href":"https:\/\/www.kanaflex.es\/fr\/wp-json\/wp\/v2\/media?parent=2281"}],"wp:term":[{"taxonomy":"product_brand","embeddable":true,"href":"https:\/\/www.kanaflex.es\/fr\/wp-json\/wp\/v2\/product_brand?post=2281"},{"taxonomy":"product_cat","embeddable":true,"href":"https:\/\/www.kanaflex.es\/fr\/wp-json\/wp\/v2\/product_cat?post=2281"},{"taxonomy":"product_tag","embeddable":true,"href":"https:\/\/www.kanaflex.es\/fr\/wp-json\/wp\/v2\/product_tag?post=2281"}],"curies":[{"name":"wp","href":"https:\/\/api.w.org\/{rel}","templated":true}]}}