{"id":2279,"date":"2017-11-16T01:27:09","date_gmt":"2017-11-16T01:27:09","guid":{"rendered":"https:\/\/www.kanaflex.es\/producto\/s-100-super-tuyau-composite-en-polyurethane-et-pvc\/"},"modified":"2018-09-18T13:08:52","modified_gmt":"2018-09-18T13:08:52","slug":"s-100-super-tuyau-composite-en-polyurethane-et-pvc","status":"publish","type":"product","link":"https:\/\/www.kanaflex.es\/fr\/productos\/s-100-super-tuyau-composite-en-polyurethane-et-pvc\/","title":{"rendered":"S-100 Super &#8211; Tuyau composite en polyur\u00e9thane et PVC"},"content":{"rendered":"","protected":false},"excerpt":{"rendered":"<p>Tuyau en polyur\u00e9thane avec PVC flexible et transparent, renforc\u00e9 avec une spirale en PVC noir. Int\u00e9rieur lisse et ext\u00e9rieur corrugu\u00e9. Diam\u00e8tre de 30mm \u00e0 200mm.<\/p>\n","protected":false},"featured_media":1668,"template":"","meta":[],"product_brand":[],"product_cat":[63],"product_tag":[],"class_list":{"0":"post-2279","1":"product","2":"type-product","3":"status-publish","4":"has-post-thumbnail","6":"product_cat-autres-tuyaux","7":"description-off","9":"first","10":"instock","11":"shipping-taxable","12":"product-type-simple"},"_links":{"self":[{"href":"https:\/\/www.kanaflex.es\/fr\/wp-json\/wp\/v2\/product\/2279","targetHints":{"allow":["GET"]}}],"collection":[{"href":"https:\/\/www.kanaflex.es\/fr\/wp-json\/wp\/v2\/product"}],"about":[{"href":"https:\/\/www.kanaflex.es\/fr\/wp-json\/wp\/v2\/types\/product"}],"wp:featuredmedia":[{"embeddable":true,"href":"https:\/\/www.kanaflex.es\/fr\/wp-json\/wp\/v2\/media\/1668"}],"wp:attachment":[{"href":"https:\/\/www.kanaflex.es\/fr\/wp-json\/wp\/v2\/media?parent=2279"}],"wp:term":[{"taxonomy":"product_brand","embeddable":true,"href":"https:\/\/www.kanaflex.es\/fr\/wp-json\/wp\/v2\/product_brand?post=2279"},{"taxonomy":"product_cat","embeddable":true,"href":"https:\/\/www.kanaflex.es\/fr\/wp-json\/wp\/v2\/product_cat?post=2279"},{"taxonomy":"product_tag","embeddable":true,"href":"https:\/\/www.kanaflex.es\/fr\/wp-json\/wp\/v2\/product_tag?post=2279"}],"curies":[{"name":"wp","href":"https:\/\/api.w.org\/{rel}","templated":true}]}}