{"id":2277,"date":"2018-06-18T13:29:04","date_gmt":"2018-06-18T13:29:04","guid":{"rendered":"https:\/\/www.kanaflex.es\/producto\/s-114-tuyau-en-pvc-a-usage-industriel\/"},"modified":"2018-08-29T11:42:44","modified_gmt":"2018-08-29T11:42:44","slug":"s-114-tuyau-en-pvc-a-usage-industriel","status":"publish","type":"product","link":"https:\/\/www.kanaflex.es\/fr\/productos\/s-114-tuyau-en-pvc-a-usage-industriel\/","title":{"rendered":"S-114 &#8211; Tuyau en PVC \u00e0 usage industriel"},"content":{"rendered":"","protected":false},"excerpt":{"rendered":"<p>Tuyau en PVC flexible avec caoutchouc nitrile (NBR) renforc\u00e9 avec une spirale en PVC rigide. Couleur grise argent\u00e9e. Int\u00e9rieur lisse et ext\u00e9rieur corrugu\u00e9. Diam\u00e8tre de \u00a030 mm. \u00e0 200 mm.<\/p>\n","protected":false},"featured_media":2075,"template":"","meta":[],"product_brand":[],"product_cat":[58,48],"product_tag":[],"class_list":{"0":"post-2277","1":"product","2":"type-product","3":"status-publish","4":"has-post-thumbnail","6":"product_cat-pvc-utilisation-industriel","7":"product_cat-tuyaux-en-pvc","8":"description-off","10":"first","11":"instock","12":"shipping-taxable","13":"product-type-simple"},"_links":{"self":[{"href":"https:\/\/www.kanaflex.es\/fr\/wp-json\/wp\/v2\/product\/2277","targetHints":{"allow":["GET"]}}],"collection":[{"href":"https:\/\/www.kanaflex.es\/fr\/wp-json\/wp\/v2\/product"}],"about":[{"href":"https:\/\/www.kanaflex.es\/fr\/wp-json\/wp\/v2\/types\/product"}],"wp:featuredmedia":[{"embeddable":true,"href":"https:\/\/www.kanaflex.es\/fr\/wp-json\/wp\/v2\/media\/2075"}],"wp:attachment":[{"href":"https:\/\/www.kanaflex.es\/fr\/wp-json\/wp\/v2\/media?parent=2277"}],"wp:term":[{"taxonomy":"product_brand","embeddable":true,"href":"https:\/\/www.kanaflex.es\/fr\/wp-json\/wp\/v2\/product_brand?post=2277"},{"taxonomy":"product_cat","embeddable":true,"href":"https:\/\/www.kanaflex.es\/fr\/wp-json\/wp\/v2\/product_cat?post=2277"},{"taxonomy":"product_tag","embeddable":true,"href":"https:\/\/www.kanaflex.es\/fr\/wp-json\/wp\/v2\/product_tag?post=2277"}],"curies":[{"name":"wp","href":"https:\/\/api.w.org\/{rel}","templated":true}]}}