{"id":2275,"date":"2018-06-19T11:40:15","date_gmt":"2018-06-19T11:40:15","guid":{"rendered":"https:\/\/www.kanaflex.es\/producto\/s-170-tricapa-tuyau-en-pvc-a-usage-industriel\/"},"modified":"2018-08-29T11:25:02","modified_gmt":"2018-08-29T11:25:02","slug":"s-170-tricapa-tuyau-en-pvc-a-usage-industriel","status":"publish","type":"product","link":"https:\/\/www.kanaflex.es\/fr\/productos\/s-170-tricapa-tuyau-en-pvc-a-usage-industriel\/","title":{"rendered":"S-170 Tricapa &#8211; Tuyau en PVC \u00e0 usage industriel"},"content":{"rendered":"","protected":false},"excerpt":{"rendered":"<p>Tuyau en PVC transparent, renforc\u00e9 avec une spirale rigide en PVC gris et avec une couche de polyur\u00e9thane pour augmenter la r\u00e9sistance \u00e0 l&#8217;abrasion. Int\u00e9rieur lisse et ext\u00e9rieur corrugu\u00e9. Diam\u00e8tre de 30 \u00e0 200 mm.<\/p>\n","protected":false},"featured_media":2088,"template":"","meta":[],"product_brand":[],"product_cat":[58,48],"product_tag":[],"class_list":{"0":"post-2275","1":"product","2":"type-product","3":"status-publish","4":"has-post-thumbnail","6":"product_cat-pvc-utilisation-industriel","7":"product_cat-tuyaux-en-pvc","8":"description-off","10":"first","11":"instock","12":"shipping-taxable","13":"product-type-simple"},"_links":{"self":[{"href":"https:\/\/www.kanaflex.es\/fr\/wp-json\/wp\/v2\/product\/2275","targetHints":{"allow":["GET"]}}],"collection":[{"href":"https:\/\/www.kanaflex.es\/fr\/wp-json\/wp\/v2\/product"}],"about":[{"href":"https:\/\/www.kanaflex.es\/fr\/wp-json\/wp\/v2\/types\/product"}],"wp:featuredmedia":[{"embeddable":true,"href":"https:\/\/www.kanaflex.es\/fr\/wp-json\/wp\/v2\/media\/2088"}],"wp:attachment":[{"href":"https:\/\/www.kanaflex.es\/fr\/wp-json\/wp\/v2\/media?parent=2275"}],"wp:term":[{"taxonomy":"product_brand","embeddable":true,"href":"https:\/\/www.kanaflex.es\/fr\/wp-json\/wp\/v2\/product_brand?post=2275"},{"taxonomy":"product_cat","embeddable":true,"href":"https:\/\/www.kanaflex.es\/fr\/wp-json\/wp\/v2\/product_cat?post=2275"},{"taxonomy":"product_tag","embeddable":true,"href":"https:\/\/www.kanaflex.es\/fr\/wp-json\/wp\/v2\/product_tag?post=2275"}],"curies":[{"name":"wp","href":"https:\/\/api.w.org\/{rel}","templated":true}]}}