{"id":1911,"date":"2017-10-09T23:14:26","date_gmt":"2017-10-09T23:14:26","guid":{"rendered":"https:\/\/www.kanaflex.es\/producto\/s-150160-hfg-manguera-de-pvc-de-uso-alimentario\/"},"modified":"2018-10-02T07:56:29","modified_gmt":"2018-10-02T07:56:29","slug":"s-150-160-hfg-tuyau-en-pvc-pour-usage-alimentaire","status":"publish","type":"product","link":"https:\/\/www.kanaflex.es\/fr\/productos\/s-150-160-hfg-tuyau-en-pvc-pour-usage-alimentaire\/","title":{"rendered":"S-150\/160 HFG &#8211; Tuyau en PVC pour usage alimentaire"},"content":{"rendered":"","protected":false},"excerpt":{"rendered":"<p>Tuyau en PVC flexible et renforc\u00e9 avec spirale PVC\u00a0 rigide. Couleur claire et bleue. Int\u00e9rieur lisse et ext\u00e9rieur ondul\u00e9. Diam\u00e8tre de 20mm \u00e0 200mm.<\/p>\n","protected":false},"featured_media":2156,"template":"","meta":[],"product_brand":[],"product_cat":[49,48],"product_tag":[],"class_list":{"0":"post-1911","1":"product","2":"type-product","3":"status-publish","4":"has-post-thumbnail","6":"product_cat-pvc-utilisation-alimentaire","7":"product_cat-tuyaux-en-pvc","8":"description-off","10":"first","11":"instock","12":"shipping-taxable","13":"product-type-simple"},"_links":{"self":[{"href":"https:\/\/www.kanaflex.es\/fr\/wp-json\/wp\/v2\/product\/1911","targetHints":{"allow":["GET"]}}],"collection":[{"href":"https:\/\/www.kanaflex.es\/fr\/wp-json\/wp\/v2\/product"}],"about":[{"href":"https:\/\/www.kanaflex.es\/fr\/wp-json\/wp\/v2\/types\/product"}],"wp:featuredmedia":[{"embeddable":true,"href":"https:\/\/www.kanaflex.es\/fr\/wp-json\/wp\/v2\/media\/2156"}],"wp:attachment":[{"href":"https:\/\/www.kanaflex.es\/fr\/wp-json\/wp\/v2\/media?parent=1911"}],"wp:term":[{"taxonomy":"product_brand","embeddable":true,"href":"https:\/\/www.kanaflex.es\/fr\/wp-json\/wp\/v2\/product_brand?post=1911"},{"taxonomy":"product_cat","embeddable":true,"href":"https:\/\/www.kanaflex.es\/fr\/wp-json\/wp\/v2\/product_cat?post=1911"},{"taxonomy":"product_tag","embeddable":true,"href":"https:\/\/www.kanaflex.es\/fr\/wp-json\/wp\/v2\/product_tag?post=1911"}],"curies":[{"name":"wp","href":"https:\/\/api.w.org\/{rel}","templated":true}]}}