{"id":1906,"date":"2017-10-19T00:36:10","date_gmt":"2017-10-19T00:36:10","guid":{"rendered":"https:\/\/www.kanaflex.es\/producto\/s-180-bl-manguera-de-caucho-de-uso-industrial\/"},"modified":"2018-10-02T07:53:18","modified_gmt":"2018-10-02T07:53:18","slug":"s-180-bl-light-tuyau-en-caoutchouc-pour-usage-industriel","status":"publish","type":"product","link":"https:\/\/www.kanaflex.es\/fr\/productos\/s-180-bl-light-tuyau-en-caoutchouc-pour-usage-industriel\/","title":{"rendered":"S-180 BL Light Tuyau en caoutchouc pour usage industriel"},"content":{"rendered":"","protected":false},"excerpt":{"rendered":"<div id=\"cart_de\" style=\"text-align: justify;\">\n<div id=\"cart_de\">\n<p>Caoutchouc SBR \u00e0 partir de polym\u00e8res sp\u00e9ciaux, antistatiques et anti-abrasifs. Diam\u00e8tre de 50 mm \u00e0 200 mm.<\/p>\n<\/div>\n<\/div>\n","protected":false},"featured_media":1318,"template":"","meta":[],"product_brand":[],"product_cat":[52,53],"product_tag":[],"class_list":{"0":"post-1906","1":"product","2":"type-product","3":"status-publish","4":"has-post-thumbnail","6":"product_cat-caoutchouc-utilisation-industriel","7":"product_cat-tuyaux-en-caoutchouc","8":"description-off","10":"first","11":"instock","12":"shipping-taxable","13":"product-type-simple"},"_links":{"self":[{"href":"https:\/\/www.kanaflex.es\/fr\/wp-json\/wp\/v2\/product\/1906","targetHints":{"allow":["GET"]}}],"collection":[{"href":"https:\/\/www.kanaflex.es\/fr\/wp-json\/wp\/v2\/product"}],"about":[{"href":"https:\/\/www.kanaflex.es\/fr\/wp-json\/wp\/v2\/types\/product"}],"wp:featuredmedia":[{"embeddable":true,"href":"https:\/\/www.kanaflex.es\/fr\/wp-json\/wp\/v2\/media\/1318"}],"wp:attachment":[{"href":"https:\/\/www.kanaflex.es\/fr\/wp-json\/wp\/v2\/media?parent=1906"}],"wp:term":[{"taxonomy":"product_brand","embeddable":true,"href":"https:\/\/www.kanaflex.es\/fr\/wp-json\/wp\/v2\/product_brand?post=1906"},{"taxonomy":"product_cat","embeddable":true,"href":"https:\/\/www.kanaflex.es\/fr\/wp-json\/wp\/v2\/product_cat?post=1906"},{"taxonomy":"product_tag","embeddable":true,"href":"https:\/\/www.kanaflex.es\/fr\/wp-json\/wp\/v2\/product_tag?post=1906"}],"curies":[{"name":"wp","href":"https:\/\/api.w.org\/{rel}","templated":true}]}}