{"id":1904,"date":"2017-10-19T00:39:45","date_gmt":"2017-10-19T00:39:45","guid":{"rendered":"https:\/\/www.kanaflex.es\/producto\/s-375-manguera-de-caucho-de-uso-industrial\/"},"modified":"2018-10-02T07:41:16","modified_gmt":"2018-10-02T07:41:16","slug":"s-375-tuyau-en-caoutchouc-pour-usage-industriel","status":"publish","type":"product","link":"https:\/\/www.kanaflex.es\/fr\/productos\/s-375-tuyau-en-caoutchouc-pour-usage-industriel\/","title":{"rendered":"S-375 Tuyau en caoutchouc pour usage industriel"},"content":{"rendered":"","protected":false},"excerpt":{"rendered":"<p>Tuyau \u00a0de caoutchouc EPDM renforc\u00e9 avec textile et spirale ext\u00e9rieur en poly\u00e9thyl\u00e8ne. Couleur standard: spirale jaune. Diam\u00e8tre de 30mm \u00e0 100mm.<\/p>\n","protected":false},"featured_media":1292,"template":"","meta":[],"product_brand":[],"product_cat":[52,53],"product_tag":[],"class_list":{"0":"post-1904","1":"product","2":"type-product","3":"status-publish","4":"has-post-thumbnail","6":"product_cat-caoutchouc-utilisation-industriel","7":"product_cat-tuyaux-en-caoutchouc","8":"description-off","10":"first","11":"instock","12":"shipping-taxable","13":"product-type-simple"},"_links":{"self":[{"href":"https:\/\/www.kanaflex.es\/fr\/wp-json\/wp\/v2\/product\/1904","targetHints":{"allow":["GET"]}}],"collection":[{"href":"https:\/\/www.kanaflex.es\/fr\/wp-json\/wp\/v2\/product"}],"about":[{"href":"https:\/\/www.kanaflex.es\/fr\/wp-json\/wp\/v2\/types\/product"}],"wp:featuredmedia":[{"embeddable":true,"href":"https:\/\/www.kanaflex.es\/fr\/wp-json\/wp\/v2\/media\/1292"}],"wp:attachment":[{"href":"https:\/\/www.kanaflex.es\/fr\/wp-json\/wp\/v2\/media?parent=1904"}],"wp:term":[{"taxonomy":"product_brand","embeddable":true,"href":"https:\/\/www.kanaflex.es\/fr\/wp-json\/wp\/v2\/product_brand?post=1904"},{"taxonomy":"product_cat","embeddable":true,"href":"https:\/\/www.kanaflex.es\/fr\/wp-json\/wp\/v2\/product_cat?post=1904"},{"taxonomy":"product_tag","embeddable":true,"href":"https:\/\/www.kanaflex.es\/fr\/wp-json\/wp\/v2\/product_tag?post=1904"}],"curies":[{"name":"wp","href":"https:\/\/api.w.org\/{rel}","templated":true}]}}