{"id":1903,"date":"2017-10-19T00:46:04","date_gmt":"2017-10-19T00:46:04","guid":{"rendered":"https:\/\/www.kanaflex.es\/producto\/s-660-manguera-de-caucho-de-uso-industrial\/"},"modified":"2018-10-02T07:30:02","modified_gmt":"2018-10-02T07:30:02","slug":"s-660-tuyau-en-caoutchouc-pour-usage-industriel","status":"publish","type":"product","link":"https:\/\/www.kanaflex.es\/fr\/productos\/s-660-tuyau-en-caoutchouc-pour-usage-industriel\/","title":{"rendered":"S-660 Tuyau en caoutchouc pour usage industriel"},"content":{"rendered":"","protected":false},"excerpt":{"rendered":"<p>Tuyau de caoutchouc EPDM renforc\u00e9 avec spirale ext\u00e9rieure en poly\u00e9thyl\u00e8ne. Int\u00e9rieur lisse et ext\u00e9rieur corrugu\u00e9. Diam\u00e8tre de 40mm. \u00e0 150mm.<\/p>\n","protected":false},"featured_media":1296,"template":"","meta":[],"product_brand":[],"product_cat":[52,53],"product_tag":[],"class_list":{"0":"post-1903","1":"product","2":"type-product","3":"status-publish","4":"has-post-thumbnail","6":"product_cat-caoutchouc-utilisation-industriel","7":"product_cat-tuyaux-en-caoutchouc","8":"description-off","10":"first","11":"instock","12":"shipping-taxable","13":"product-type-simple"},"_links":{"self":[{"href":"https:\/\/www.kanaflex.es\/fr\/wp-json\/wp\/v2\/product\/1903","targetHints":{"allow":["GET"]}}],"collection":[{"href":"https:\/\/www.kanaflex.es\/fr\/wp-json\/wp\/v2\/product"}],"about":[{"href":"https:\/\/www.kanaflex.es\/fr\/wp-json\/wp\/v2\/types\/product"}],"wp:featuredmedia":[{"embeddable":true,"href":"https:\/\/www.kanaflex.es\/fr\/wp-json\/wp\/v2\/media\/1296"}],"wp:attachment":[{"href":"https:\/\/www.kanaflex.es\/fr\/wp-json\/wp\/v2\/media?parent=1903"}],"wp:term":[{"taxonomy":"product_brand","embeddable":true,"href":"https:\/\/www.kanaflex.es\/fr\/wp-json\/wp\/v2\/product_brand?post=1903"},{"taxonomy":"product_cat","embeddable":true,"href":"https:\/\/www.kanaflex.es\/fr\/wp-json\/wp\/v2\/product_cat?post=1903"},{"taxonomy":"product_tag","embeddable":true,"href":"https:\/\/www.kanaflex.es\/fr\/wp-json\/wp\/v2\/product_tag?post=1903"}],"curies":[{"name":"wp","href":"https:\/\/api.w.org\/{rel}","templated":true}]}}