{"id":1901,"date":"2017-10-19T00:50:13","date_gmt":"2017-10-19T00:50:13","guid":{"rendered":"https:\/\/www.kanaflex.es\/producto\/s-120-lt-manguera-de-caucho-de-uso-industrial\/"},"modified":"2018-08-29T12:20:04","modified_gmt":"2018-08-29T12:20:04","slug":"s-120-lt-tuyau-en-caoutchouc-pour-usage-industriel","status":"publish","type":"product","link":"https:\/\/www.kanaflex.es\/fr\/productos\/s-120-lt-tuyau-en-caoutchouc-pour-usage-industriel\/","title":{"rendered":"S-120-LT Tuyau en caoutchouc pour usage industriel"},"content":{"rendered":"","protected":false},"excerpt":{"rendered":"<p style=\"text-align: justify;\">Tuyau en caoutchouc nitrile (NBR) et spirale ext\u00e9rieure rigide en PVC avec renfort textile et fil de cuivre. Diam\u00e8tre de 50 mm \u00e0 100 mm.<\/p>\n","protected":false},"featured_media":1298,"template":"","meta":[],"product_brand":[],"product_cat":[52,53],"product_tag":[],"class_list":{"0":"post-1901","1":"product","2":"type-product","3":"status-publish","4":"has-post-thumbnail","6":"product_cat-caoutchouc-utilisation-industriel","7":"product_cat-tuyaux-en-caoutchouc","8":"description-off","10":"first","11":"instock","12":"shipping-taxable","13":"product-type-simple"},"_links":{"self":[{"href":"https:\/\/www.kanaflex.es\/fr\/wp-json\/wp\/v2\/product\/1901","targetHints":{"allow":["GET"]}}],"collection":[{"href":"https:\/\/www.kanaflex.es\/fr\/wp-json\/wp\/v2\/product"}],"about":[{"href":"https:\/\/www.kanaflex.es\/fr\/wp-json\/wp\/v2\/types\/product"}],"wp:featuredmedia":[{"embeddable":true,"href":"https:\/\/www.kanaflex.es\/fr\/wp-json\/wp\/v2\/media\/1298"}],"wp:attachment":[{"href":"https:\/\/www.kanaflex.es\/fr\/wp-json\/wp\/v2\/media?parent=1901"}],"wp:term":[{"taxonomy":"product_brand","embeddable":true,"href":"https:\/\/www.kanaflex.es\/fr\/wp-json\/wp\/v2\/product_brand?post=1901"},{"taxonomy":"product_cat","embeddable":true,"href":"https:\/\/www.kanaflex.es\/fr\/wp-json\/wp\/v2\/product_cat?post=1901"},{"taxonomy":"product_tag","embeddable":true,"href":"https:\/\/www.kanaflex.es\/fr\/wp-json\/wp\/v2\/product_tag?post=1901"}],"curies":[{"name":"wp","href":"https:\/\/api.w.org\/{rel}","templated":true}]}}