{"id":1893,"date":"2017-11-09T01:11:46","date_gmt":"2017-11-09T01:11:46","guid":{"rendered":"https:\/\/www.kanaflex.es\/producto\/s-110-manguera-de-pvc-de-uso-agricola\/"},"modified":"2018-09-18T11:47:12","modified_gmt":"2018-09-18T11:47:12","slug":"s-110-tuyau-en-pvc-a-usage-agricole","status":"publish","type":"product","link":"https:\/\/www.kanaflex.es\/fr\/productos\/s-110-tuyau-en-pvc-a-usage-agricole\/","title":{"rendered":"S-110 Tuyau en PVC \u00e0 usage agricole"},"content":{"rendered":"","protected":false},"excerpt":{"rendered":"<p>Tuyau en PVC flexible renforc\u00e9 d&#8217;une spirale rigide en PVC. Couleur grise. Lisse int\u00e9rieur et ext\u00e9rieur. Diam\u00e8tre de 40 mm \u00e0 200 mm.<\/p>\n","protected":false},"featured_media":1394,"template":"","meta":[],"product_brand":[],"product_cat":[58,48],"product_tag":[],"class_list":{"0":"post-1893","1":"product","2":"type-product","3":"status-publish","4":"has-post-thumbnail","6":"product_cat-pvc-utilisation-industriel","7":"product_cat-tuyaux-en-pvc","8":"description-off","10":"first","11":"instock","12":"shipping-taxable","13":"product-type-simple"},"_links":{"self":[{"href":"https:\/\/www.kanaflex.es\/fr\/wp-json\/wp\/v2\/product\/1893","targetHints":{"allow":["GET"]}}],"collection":[{"href":"https:\/\/www.kanaflex.es\/fr\/wp-json\/wp\/v2\/product"}],"about":[{"href":"https:\/\/www.kanaflex.es\/fr\/wp-json\/wp\/v2\/types\/product"}],"wp:featuredmedia":[{"embeddable":true,"href":"https:\/\/www.kanaflex.es\/fr\/wp-json\/wp\/v2\/media\/1394"}],"wp:attachment":[{"href":"https:\/\/www.kanaflex.es\/fr\/wp-json\/wp\/v2\/media?parent=1893"}],"wp:term":[{"taxonomy":"product_brand","embeddable":true,"href":"https:\/\/www.kanaflex.es\/fr\/wp-json\/wp\/v2\/product_brand?post=1893"},{"taxonomy":"product_cat","embeddable":true,"href":"https:\/\/www.kanaflex.es\/fr\/wp-json\/wp\/v2\/product_cat?post=1893"},{"taxonomy":"product_tag","embeddable":true,"href":"https:\/\/www.kanaflex.es\/fr\/wp-json\/wp\/v2\/product_tag?post=1893"}],"curies":[{"name":"wp","href":"https:\/\/api.w.org\/{rel}","templated":true}]}}