{"id":2171,"date":"2017-11-23T08:35:30","date_gmt":"2017-11-23T08:35:30","guid":{"rendered":"https:\/\/www.kanaflex.es\/fabricacion-i-d\/"},"modified":"2018-07-23T11:57:50","modified_gmt":"2018-07-23T11:57:50","slug":"fabricacion-i-d","status":"publish","type":"page","link":"https:\/\/www.kanaflex.es\/fr\/fabricacion-i-d\/","title":{"rendered":"Production et  R&#038;D"},"content":{"rendered":"<div class=\"wpb-content-wrapper\"><p>[vc_row][vc_column]<div id=\"ultimate-heading-6356a04dc7285701\" class=\"uvc-heading ult-adjust-bottom-margin ultimate-heading-6356a04dc7285701 uvc-5152 accent-border-color\" data-hspacer=\"line_only\"  data-halign=\"left\" style=\"text-align:left\"><div class=\"uvc-main-heading ult-responsive\"  data-ultimate-target='.uvc-heading.ultimate-heading-6356a04dc7285701 h2'  data-responsive-json-new='{\"font-size\":\"desktop:26px;\",\"line-height\":\"desktop:36px;\"}' ><h2 style=\"font-weight:bold;\">Tuyaux<\/h2><\/div><div class=\"uvc-heading-spacer line_only\" style=\"margin-top:15px;margin-bottom:40px;height:4px;\"><span class=\"uvc-headings-line\" style=\"border-style:solid;border-bottom-width:4px;border-color:;width:50px;\"><\/span><\/div><\/div><div class=\"standard-arrow list-divider bullet-top\"><h3>La flexibilit\u00e9<\/h3>\n<p>Les tuyaux Kanaflex permettent de travailler dans de petites zones.<\/p>\n<h3>L\u00e9g\u00e8ret\u00e9<\/h3>\n<p>Les tuyaux Kanaflex sont 50% plus l\u00e9gers que la plus part de tuyaux en caoutchouc conventionnels, ce que les rend plus faciles \u00e0 manipuler et moins chers \u00e0 transporter.<\/p>\n<h3>Int\u00e9rieur lisse<\/h3>\n<p>Nos tuyaux ont des bords lisses avec un pliage caract\u00e9ristique qui les rend plus efficaces et plus rapides lors du transfert de fluides.<\/p>\n<h3>Mati\u00e8res premi\u00e8res de qualit\u00e9<\/h3>\n<p>Nos tuyaux sont adapt\u00e9s aux applications et conditions suivantes:<\/p>\n<ul>\n<li>P\u00e9trole<\/li>\n<li>Produits chimiques<\/li>\n<li>De l&#8217;essence<\/li>\n<li>Abrasifs<\/li>\n<li>Variations extr\u00eames de temp\u00e9rature<\/li>\n<li>Conditions m\u00e9t\u00e9orologiques extr\u00eames<\/li>\n<\/ul>\n<\/div>[vc_column_text]<\/p>\n<h2><\/h2>\n<p>[\/vc_column_text][\/vc_column][\/vc_row][vc_row][vc_column]<div id=\"ultimate-heading-31126a04dc7285887\" class=\"uvc-heading ult-adjust-bottom-margin ultimate-heading-31126a04dc7285887 uvc-7245 accent-border-color\" data-hspacer=\"line_only\"  data-halign=\"left\" style=\"text-align:left\"><div class=\"uvc-main-heading ult-responsive\"  data-ultimate-target='.uvc-heading.ultimate-heading-31126a04dc7285887 h2'  data-responsive-json-new='{\"font-size\":\"desktop:26px;\",\"line-height\":\"desktop:36px;\"}' ><h2 style=\"font-weight:bold;\">R &amp; D<\/h2><\/div><div class=\"uvc-heading-spacer line_only\" style=\"margin-top:15px;margin-bottom:40px;height:4px;\"><span class=\"uvc-headings-line\" style=\"border-style:solid;border-bottom-width:4px;border-color:;width:50px;\"><\/span><\/div><\/div><div class=\"standard-arrow list-divider bullet-top\"><p>Kanaflex dispose d&#8217;un centre technique et d&#8217;un laboratoire de recherche et d\u00e9veloppement situ\u00e9 \u00e0 Shiga (Japon) responsable du d\u00e9veloppement constant des produits et de l&#8217;am\u00e9lioration des produits existants que placent \u00e0 Kanaflex \u00e0 l&#8217;avant-garde mondiale dans la production des tuyaux de haute productivit\u00e9.<\/p>\n<\/div>[\/vc_column][\/vc_row][vc_row][vc_column width=&#8221;1\/2&#8243;][vc_single_image image=&#8221;1603&#8243; img_size=&#8221;medium&#8221;][vc_single_image image=&#8221;1597&#8243; img_size=&#8221;medium&#8221;][\/vc_column][vc_column width=&#8221;1\/2&#8243;][vc_single_image image=&#8221;1588&#8243; img_size=&#8221;medium&#8221;][vc_single_image image=&#8221;1594&#8243; img_size=&#8221;medium&#8221;][\/vc_column][\/vc_row]<\/p>\n<\/div>","protected":false},"excerpt":{"rendered":"<p>[vc_row][vc_column][vc_column_text] [\/vc_column_text][\/vc_column][\/vc_row][vc_row][vc_column][\/vc_column][\/vc_row][vc_row][vc_column width=&#8221;1\/2&#8243;][vc_single_image image=&#8221;1603&#8243; img_size=&#8221;medium&#8221;][vc_single_image image=&#8221;1597&#8243; img_size=&#8221;medium&#8221;][\/vc_column][vc_column width=&#8221;1\/2&#8243;][vc_single_image image=&#8221;1588&#8243; img_size=&#8221;medium&#8221;][vc_single_image image=&#8221;1594&#8243; img_size=&#8221;medium&#8221;][\/vc_column][\/vc_row]<\/p>\n","protected":false},"author":9,"featured_media":0,"parent":0,"menu_order":0,"comment_status":"closed","ping_status":"closed","template":"","meta":{"footnotes":""},"class_list":["post-2171","page","type-page","status-publish","hentry","description-off"],"_links":{"self":[{"href":"https:\/\/www.kanaflex.es\/fr\/wp-json\/wp\/v2\/pages\/2171","targetHints":{"allow":["GET"]}}],"collection":[{"href":"https:\/\/www.kanaflex.es\/fr\/wp-json\/wp\/v2\/pages"}],"about":[{"href":"https:\/\/www.kanaflex.es\/fr\/wp-json\/wp\/v2\/types\/page"}],"author":[{"embeddable":true,"href":"https:\/\/www.kanaflex.es\/fr\/wp-json\/wp\/v2\/users\/9"}],"replies":[{"embeddable":true,"href":"https:\/\/www.kanaflex.es\/fr\/wp-json\/wp\/v2\/comments?post=2171"}],"version-history":[{"count":5,"href":"https:\/\/www.kanaflex.es\/fr\/wp-json\/wp\/v2\/pages\/2171\/revisions"}],"predecessor-version":[{"id":2212,"href":"https:\/\/www.kanaflex.es\/fr\/wp-json\/wp\/v2\/pages\/2171\/revisions\/2212"}],"wp:attachment":[{"href":"https:\/\/www.kanaflex.es\/fr\/wp-json\/wp\/v2\/media?parent=2171"}],"curies":[{"name":"wp","href":"https:\/\/api.w.org\/{rel}","templated":true}]}}