{"id":1460,"date":"2016-06-23T11:12:53","date_gmt":"2016-06-23T10:12:53","guid":{"rendered":"https:\/\/www.kanaflex.es\/empresa\/"},"modified":"2018-07-23T12:35:15","modified_gmt":"2018-07-23T12:35:15","slug":"sobre-nosotros","status":"publish","type":"page","link":"https:\/\/www.kanaflex.es\/fr\/sobre-nosotros\/","title":{"rendered":"Notre entreprise"},"content":{"rendered":"<div class=\"wpb-content-wrapper\"><p>[vc_row][vc_column]<div id=\"ultimate-heading-76056a050859d57dd\" class=\"uvc-heading ult-adjust-bottom-margin ultimate-heading-76056a050859d57dd uvc-4161 accent-border-color\" data-hspacer=\"line_only\"  data-halign=\"left\" style=\"text-align:left\"><div class=\"uvc-main-heading ult-responsive\"  data-ultimate-target='.uvc-heading.ultimate-heading-76056a050859d57dd h2'  data-responsive-json-new='{\"font-size\":\"desktop:26px;\",\"line-height\":\"desktop:36px;\"}' ><h2 style=\"font-weight:bold;\">Organisation<\/h2><\/div><div class=\"uvc-heading-spacer line_only\" style=\"margin-top:15px;margin-bottom:40px;height:4px;\"><span class=\"uvc-headings-line\" style=\"border-style:solid;border-bottom-width:4px;border-color:;width:50px;\"><\/span><\/div><\/div>[vc_column_text]KANAFLEX poss\u00e8de une grande exp\u00e9rience dans le secteur des tuyaux et flexibles d\u00e9veloppant son activit\u00e9 d&#8217;expansion sur plusieurs continents: Europe, Asie et Am\u00e9rique.<\/p>\n<p>Actuellement\u00a0 Kanaflex Corporation est constitu\u00e9e de 21 usines et de 15 bureaux r\u00e9partis entre: le Japon, les \u00c9tats-Unis, le Br\u00e9sil, la Chine, la Malaisie et l&#8217;Espagne.[\/vc_column_text][\/vc_column][\/vc_row][vc_row type=&#8221;vc_default&#8221; margin_top=&#8221;5&#8243; margin_bottom=&#8221;15&#8243; css=&#8221;.vc_custom_1493829267800{padding-top: 70px !important;}&#8221;][vc_column offset=&#8221;vc_col-lg-6 vc_col-md-6 vc_col-xs-12&#8243; css=&#8221;.vc_custom_1493829169670{padding-bottom: 70px !important;}&#8221;]<div id=\"ultimate-heading-26866a050859d58fa\" class=\"uvc-heading ult-adjust-bottom-margin ultimate-heading-26866a050859d58fa uvc-6087 accent-border-color\" data-hspacer=\"line_only\"  data-halign=\"left\" style=\"text-align:left\"><div class=\"uvc-main-heading ult-responsive\"  data-ultimate-target='.uvc-heading.ultimate-heading-26866a050859d58fa h2'  data-responsive-json-new='{\"font-size\":\"desktop:26px;\",\"line-height\":\"desktop:36px;\"}' ><h2 style=\"font-weight:bold;\">Soci\u00e9t\u00e9<\/h2><\/div><div class=\"uvc-heading-spacer line_only\" style=\"margin-top:15px;margin-bottom:50px;height:4px;\"><span class=\"uvc-headings-line\" style=\"border-style:solid;border-bottom-width:4px;border-color:;width:50px;\"><\/span><\/div><\/div>[vc_column_text]<\/p>\n<div>\n<p>Depuis d&#8217;un demi-si\u00e8cle, le Groupe Kanaflex est un pionnier et un leader sur le march\u00e9 des tubes et flexibles. Le groupe Kanaflex a son si\u00e8ge \u00e0 Tokyo, au Japon, mais il est strat\u00e9giquement diversifi\u00e9, avec des usines et des bureaux dans six pays de trois continents, pour r\u00e9pondre \u00e0 diff\u00e9rents types de besoins.<\/p>\n<\/div>\n<div><\/div>\n<p>[\/vc_column_text]<style type=\"text\/css\" data-type=\"the7_shortcodes-inline-css\">.shortcode-single-image-wrap.shortcode-single-image-c24b1277e89f68a30dc34c3b70ff36df.enable-bg-rollover .rollover i,\n.shortcode-single-image-wrap.shortcode-single-image-c24b1277e89f68a30dc34c3b70ff36df.enable-bg-rollover .rollover-video i {\n  background: -webkit-linear-gradient();\n  background: linear-gradient();\n}\n.shortcode-single-image-wrap.shortcode-single-image-c24b1277e89f68a30dc34c3b70ff36df .rollover-icon {\n  font-size: 32px;\n  color: #ffffff;\n  min-width: 44px;\n  min-height: 44px;\n  line-height: 44px;\n  border-radius: 100px;\n  border-style: solid;\n  border-width: 0px;\n}\n.dt-icon-bg-on.shortcode-single-image-wrap.shortcode-single-image-c24b1277e89f68a30dc34c3b70ff36df .rollover-icon {\n  background: rgba(255,255,255,0.3);\n  box-shadow: none;\n}\n<\/style><div class=\"shortcode-single-image-wrap shortcode-single-image-c24b1277e89f68a30dc34c3b70ff36df alignnone  vc_custom_1517925866108 enable-bg-rollover dt-icon-bg-off\" ><div class=\"shortcode-single-image\"><div class=\"fancy-media-wrap  layzr-bg\" style=\"\"><img fetchpriority=\"high\" decoding=\"async\" class=\"preload-me lazy-load aspect\" src=\"data:image\/svg+xml,%3Csvg%20xmlns%3D&#39;http%3A%2F%2Fwww.w3.org%2F2000%2Fsvg&#39;%20viewBox%3D&#39;0%200%20612%20380&#39;%2F%3E\" data-src=\"https:\/\/www.kanaflex.es\/wp-content\/uploads\/2018\/02\/company-map-1.png\" data-srcset=\"https:\/\/www.kanaflex.es\/wp-content\/uploads\/2018\/02\/company-map-1.png 612w\" loading=\"eager\" sizes=\"(max-width: 612px) 100vw, 612px\" width=\"612\" height=\"380\"  data-dt-location=\"https:\/\/www.kanaflex.es\/fr\/sobre-nosotros\/company-map-2\/\" style=\"--ratio: 612 \/ 380;\" alt=\"\" \/><\/div><\/div><\/div>[\/vc_column][vc_column offset=&#8221;vc_col-lg-6 vc_col-md-6 vc_col-xs-12&#8243; css=&#8221;.vc_custom_1493829183360{padding-bottom: 70px !important;}&#8221;][vc_row_inner][vc_column_inner]<div id=\"ultimate-heading-41836a050859d8e40\" class=\"uvc-heading ult-adjust-bottom-margin ultimate-heading-41836a050859d8e40 uvc-3171 accent-border-color\" data-hspacer=\"line_only\"  data-halign=\"left\" style=\"text-align:left\"><div class=\"uvc-main-heading ult-responsive\"  data-ultimate-target='.uvc-heading.ultimate-heading-41836a050859d8e40 h2'  data-responsive-json-new='{\"font-size\":\"desktop:26px;\",\"line-height\":\"desktop:36px;\"}' ><h2 style=\"font-weight:bold;\">Bureaux Kanaflex <\/h2><\/div><div class=\"uvc-heading-spacer line_only\" style=\"margin-top:15px;margin-bottom:40px;height:4px;\"><span class=\"uvc-headings-line\" style=\"border-style:solid;border-bottom-width:4px;border-color:;width:50px;\"><\/span><\/div><\/div>[vc_column_text]<\/p>\n<h4>BARCELONA<\/h4>\n<p>C \/ Gerona, 11-Apartado 91-08120 La Llagosta, Barcelona, SPAIN<br \/>\nTEL 0034-93-560-7152<br \/>\nFAX 0034-93-560-6652<br \/>\nWebsite:\u00a0<a href=\"https:\/\/www.kanaflex.es\/\" target=\"_blank\" rel=\"noopener\">www.kanaflex.es<\/a>[\/vc_column_text][\/vc_column_inner][\/vc_row_inner][\/vc_column][\/vc_row]<\/p>\n<\/div>","protected":false},"excerpt":{"rendered":"<p>[vc_row][vc_column][vc_column_text]KANAFLEX poss\u00e8de une grande exp\u00e9rience dans le secteur des tuyaux et flexibles d\u00e9veloppant son activit\u00e9 d&#8217;expansion sur plusieurs continents: Europe, Asie et Am\u00e9rique. Actuellement\u00a0 Kanaflex Corporation est constitu\u00e9e de 21 usines et de 15 bureaux r\u00e9partis entre: le Japon, les \u00c9tats-Unis, le Br\u00e9sil, la Chine, la Malaisie et l&#8217;Espagne.[\/vc_column_text][\/vc_column][\/vc_row][vc_row type=&#8221;vc_default&#8221; margin_top=&#8221;5&#8243; margin_bottom=&#8221;15&#8243; css=&#8221;.vc_custom_1493829267800{padding-top: 70px !important;}&#8221;][vc_column&hellip;<\/p>\n","protected":false},"author":9,"featured_media":0,"parent":0,"menu_order":1,"comment_status":"closed","ping_status":"closed","template":"","meta":{"footnotes":""},"class_list":["post-1460","page","type-page","status-publish","hentry","description-off"],"_links":{"self":[{"href":"https:\/\/www.kanaflex.es\/fr\/wp-json\/wp\/v2\/pages\/1460","targetHints":{"allow":["GET"]}}],"collection":[{"href":"https:\/\/www.kanaflex.es\/fr\/wp-json\/wp\/v2\/pages"}],"about":[{"href":"https:\/\/www.kanaflex.es\/fr\/wp-json\/wp\/v2\/types\/page"}],"author":[{"embeddable":true,"href":"https:\/\/www.kanaflex.es\/fr\/wp-json\/wp\/v2\/users\/9"}],"replies":[{"embeddable":true,"href":"https:\/\/www.kanaflex.es\/fr\/wp-json\/wp\/v2\/comments?post=1460"}],"version-history":[{"count":22,"href":"https:\/\/www.kanaflex.es\/fr\/wp-json\/wp\/v2\/pages\/1460\/revisions"}],"predecessor-version":[{"id":2215,"href":"https:\/\/www.kanaflex.es\/fr\/wp-json\/wp\/v2\/pages\/1460\/revisions\/2215"}],"wp:attachment":[{"href":"https:\/\/www.kanaflex.es\/fr\/wp-json\/wp\/v2\/media?parent=1460"}],"curies":[{"name":"wp","href":"https:\/\/api.w.org\/{rel}","templated":true}]}}